{"id":9,"date":"2022-06-16T17:23:46","date_gmt":"2022-06-16T17:23:46","guid":{"rendered":"https:\/\/progingles.facmed.unam.mx\/?page_id=9"},"modified":"2026-01-15T20:41:16","modified_gmt":"2026-01-15T20:41:16","slug":"inicio","status":"publish","type":"page","link":"https:\/\/progingles.facmed.unam.mx\/","title":{"rendered":"Inicio"},"content":{"rendered":"<p>[et_pb_section fb_built=\u00bb1&#8243; fullwidth=\u00bbon\u00bb _builder_version=\u00bb4.16&#8243; global_colors_info=\u00bb{}\u00bb][et_pb_fullwidth_image src=\u00bbhttps:\/\/progingles.facmed.unam.mx\/wp-content\/uploads\/2022\/07\/portada01b_Mesa-de-trabajo-1.png\u00bb title_text=\u00bbportada01b_Mesa de trabajo 1&#8243; _builder_version=\u00bb4.17.4&#8243; global_colors_info=\u00bb{}\u00bb][\/et_pb_fullwidth_image][\/et_pb_section][et_pb_section fb_built=\u00bb1&#8243; _builder_version=\u00bb4.16&#8243; custom_padding=\u00bb20px||0px|||\u00bb global_colors_info=\u00bb{}\u00bb][et_pb_row _builder_version=\u00bb4.16&#8243; global_colors_info=\u00bb{}\u00bb][et_pb_column type=\u00bb4_4&#8243; _builder_version=\u00bb4.16&#8243; custom_padding=\u00bb|||\u00bb global_colors_info=\u00bb{}\u00bb custom_padding__hover=\u00bb|||\u00bb][et_pb_text _builder_version=\u00bb4.17.4&#8243; _module_preset=\u00bbdefault\u00bb global_colors_info=\u00bb{}\u00bb]<\/p>\n<p><span style=\"font-weight: 400;\">El <\/span><b>Programa de Ingl\u00e9s de la Facultad de Medicina<\/b><span style=\"font-weight: 400;\"> apoya a su comunidad a alcanzar el nivel B2 de dominio del idioma en comprensi\u00f3n de lectura que te permite<\/span><b> la acreditaci\u00f3n para la titulaci\u00f3n, para residentes m\u00e9dicos<\/b><span style=\"font-weight: 400;\">, adem\u00e1s del dominio de las 4 habilidades si lo que deseas es usar el idioma ingl\u00e9s en tu vida cotidiana.<\/span><\/p>\n<p><span style=\"font-weight: 400;\">Todos nuestros cursos y ex\u00e1menes est\u00e1n basados en el <\/span><b>MCER* <\/b><span style=\"font-weight: 400;\">(Marco Com\u00fan Europeo de Referencia para las Lenguas), son impartidos en l\u00ednea a trav\u00e9s de plataforma Moodle, por lo que t\u00fa eliges la hora y los d\u00edas en los que te acomode estudiar. S\u00f3lo ten en cuenta el calendario de entregas de actividades y ex\u00e1menes.<\/span><\/p>\n<p><b>MCER<\/b><\/p>\n<p><span style=\"font-weight: 400;\">El Marco Com\u00fan Europeo de Referencia para las Lenguas es u<\/span><span style=\"font-weight: 400;\">n est\u00e1ndar que cuenta con <\/span><b>seis niveles,<\/b><span style=\"font-weight: 400;\"> organizando el aprendizaje de lenguas, homologando sus contenidos y acreditaciones. La divisi\u00f3n se agrupa en <\/span><b>tres bloques<\/b><span style=\"font-weight: 400;\"> que responden a una divisi\u00f3n m\u00e1s cl\u00e1sica de <\/span><b>nivel b\u00e1sico, intermedio y avanzado.<\/b><\/p>\n<p><a href=\"https:\/\/cvc.cervantes.es\/ensenanza\/biblioteca_ele\/marco\/cvc_mer.pdf\"><b>https:\/\/cvc.cervantes.es\/ensenanza\/biblioteca_ele\/marco\/cvc_mer.pdf<\/b><\/a><b> pag 39 cuadro<\/b><\/p>\n<p>&nbsp;<\/p>\n<p>[\/et_pb_text][\/et_pb_column][\/et_pb_row][et_pb_row _builder_version=\u00bb4.21.0&#8243; _module_preset=\u00bbdefault\u00bb global_colors_info=\u00bb{}\u00bb][et_pb_column type=\u00bb4_4&#8243; _builder_version=\u00bb4.21.0&#8243; _module_preset=\u00bbdefault\u00bb global_colors_info=\u00bb{}\u00bb][et_pb_button button_url=\u00bbhttps:\/\/progingles.facmed.unam.mx\/wp-content\/uploads\/2026\/01\/Trip-English.pdf\u00bb url_new_window=\u00bbon\u00bb button_text=\u00bbDescargar tr\u00edptico\u00bb button_alignment=\u00bbcenter\u00bb _builder_version=\u00bb4.21.0&#8243; _module_preset=\u00bbdefault\u00bb hover_enabled=\u00bb0&#8243; global_colors_info=\u00bb{}\u00bb sticky_enabled=\u00bb0&#8243;][\/et_pb_button][\/et_pb_column][\/et_pb_row][et_pb_row _builder_version=\u00bb4.21.0&#8243; _module_preset=\u00bbdefault\u00bb global_colors_info=\u00bb{}\u00bb][et_pb_column type=\u00bb4_4&#8243; _builder_version=\u00bb4.21.0&#8243; _module_preset=\u00bbdefault\u00bb global_colors_info=\u00bb{}\u00bb][et_pb_text _builder_version=\u00bb4.21.0&#8243; _module_preset=\u00bbdefault\u00bb global_colors_info=\u00bb{}\u00bb]<\/p>\n<p>Si eres <strong>estudiante FACMED<\/strong> conoce a qu\u00e9 debes inscribirte<\/p>\n<p>[\/et_pb_text][et_pb_button button_url=\u00bbhttps:\/\/progingles.facmed.unam.mx\/wp-content\/uploads\/2026\/01\/INFORMES-PI.pdf\u00bb url_new_window=\u00bbon\u00bb button_text=\u00bbDescargar instructivo\u00bb button_alignment=\u00bbcenter\u00bb _builder_version=\u00bb4.21.0&#8243; _module_preset=\u00bbdefault\u00bb hover_enabled=\u00bb0&#8243; global_colors_info=\u00bb{}\u00bb sticky_enabled=\u00bb0&#8243;][\/et_pb_button][\/et_pb_column][\/et_pb_row][\/et_pb_section][et_pb_section fb_built=\u00bb1&#8243; _builder_version=\u00bb4.21.0&#8243; background_color=\u00bb#0C71C3&#8243; custom_padding=\u00bb20px||0px|||\u00bb global_colors_info=\u00bb{}\u00bb][et_pb_row _builder_version=\u00bb4.21.0&#8243; global_colors_info=\u00bb{}\u00bb][et_pb_column type=\u00bb4_4&#8243; _builder_version=\u00bb4.16&#8243; custom_padding=\u00bb|||\u00bb global_colors_info=\u00bb{}\u00bb custom_padding__hover=\u00bb|||\u00bb][et_pb_blurb _builder_version=\u00bb4.21.0&#8243; _module_preset=\u00bbdefault\u00bb global_colors_info=\u00bb{}\u00bb]<\/p>\n<h3 style=\"text-align: center;\"><span style=\"color: #ffffff;\"><strong>\u00bfTe interesa trabajar con nosotros? <\/strong><\/span><\/h3>\n<h3 style=\"text-align: center;\"><span style=\"color: #ffffff;\"><strong>D\u00e9janos tu CV en progi.fm@unam.mx<\/strong><\/span><\/h3>\n<p>[\/et_pb_blurb][et_pb_blurb _builder_version=\u00bb4.21.0&#8243; _module_preset=\u00bbdefault\u00bb global_colors_info=\u00bb{}\u00bb]<\/p>\n<h3 style=\"text-align: center;\"><span style=\"color: #ffffff;\"><b>El Programa de Ingl\u00e9s acredita el idioma ingl\u00e9s para pregrado y posgrado, adem\u00e1s puedes cotizar cursos para grupos en tu propia escuela o lugar de trabajo. Las constancias son vitalicias y tenemos cursos que alcanzan el nivel C1<\/b><\/span><\/h3>\n<p>[\/et_pb_blurb][\/et_pb_column][\/et_pb_row][\/et_pb_section][et_pb_section fb_built=\u00bb1&#8243; _builder_version=\u00bb4.17.4&#8243; _module_preset=\u00bbdefault\u00bb use_background_color_gradient=\u00bbon\u00bb background_color_gradient_direction=\u00bb130deg\u00bb background_color_gradient_stops=\u00bb#33c18b 25%|#a0e8cc 100%\u00bb global_colors_info=\u00bb{}\u00bb][et_pb_row _builder_version=\u00bb4.17.4&#8243; _module_preset=\u00bbdefault\u00bb global_colors_info=\u00bb{}\u00bb][et_pb_column type=\u00bb4_4&#8243; _builder_version=\u00bb4.17.4&#8243; _module_preset=\u00bbdefault\u00bb global_colors_info=\u00bb{}\u00bb][et_pb_text _builder_version=\u00bb4.17.4&#8243; _module_preset=\u00bbdefault\u00bb header_3_text_color=\u00bb#FFFFFF\u00bb global_colors_info=\u00bb{}\u00bb]<\/p>\n<h3>Misi\u00f3n y Visi\u00f3n de la Facultad de Medicina<\/h3>\n<p>[\/et_pb_text][\/et_pb_column][\/et_pb_row][et_pb_row column_structure=\u00bb1_2,1_2&#8243; _builder_version=\u00bb4.17.4&#8243; _module_preset=\u00bbdefault\u00bb global_colors_info=\u00bb{}\u00bb][et_pb_column type=\u00bb1_2&#8243; _builder_version=\u00bb4.17.4&#8243; _module_preset=\u00bbdefault\u00bb global_colors_info=\u00bb{}\u00bb][et_pb_text _builder_version=\u00bb4.17.4&#8243; _module_preset=\u00bbdefault\u00bb background_layout=\u00bbdark\u00bb global_colors_info=\u00bb{}\u00bb]<\/p>\n<h3><span>Misi\u00f3n<\/span><\/h3>\n<p>La Facultad de Medicina de la Universidad Nacional Aut\u00f3noma de M\u00e9xico es una instituci\u00f3n p\u00fablica que forma profesionales altamente calificados, \u00e9ticos, cr\u00edticos y humanistas, capaces de investigar y difundir el conocimiento para la soluci\u00f3n de problemas de salud y otras \u00e1reas cient\u00edficas en beneficio del ser humano y de la naci\u00f3n.<\/p>\n<p>[\/et_pb_text][\/et_pb_column][et_pb_column type=\u00bb1_2&#8243; _builder_version=\u00bb4.17.4&#8243; _module_preset=\u00bbdefault\u00bb global_colors_info=\u00bb{}\u00bb][et_pb_text _builder_version=\u00bb4.17.4&#8243; _module_preset=\u00bbdefault\u00bb background_layout=\u00bbdark\u00bb global_colors_info=\u00bb{}\u00bb]<\/p>\n<h3><span>Visi\u00f3n<\/span><\/h3>\n<p>Estar a la vanguardia para ejercer el liderazgo en educaci\u00f3n, investigaci\u00f3n y difusi\u00f3n en salud y otras \u00e1reas cient\u00edficas en beneficio del ser humano y de la naci\u00f3n.<\/p>\n<p>[\/et_pb_text][\/et_pb_column][\/et_pb_row][\/et_pb_section][et_pb_section fb_built=\u00bb1&#8243; _builder_version=\u00bb4.16&#8243; custom_padding=\u00bb20px||0px|||\u00bb global_colors_info=\u00bb{}\u00bb][et_pb_row column_structure=\u00bb1_2,1_2&#8243; _builder_version=\u00bb4.21.0&#8243; _module_preset=\u00bbdefault\u00bb global_colors_info=\u00bb{}\u00bb][et_pb_column type=\u00bb1_2&#8243; _builder_version=\u00bb4.16&#8243; _module_preset=\u00bbdefault\u00bb global_colors_info=\u00bb{}\u00bb][et_pb_blurb use_icon=\u00bbon\u00bb font_icon=\u00bb&#xe01d;||divi||400&#8243; icon_color=\u00bb#FFFFFF\u00bb _builder_version=\u00bb4.21.0&#8243; _module_preset=\u00bbdefault\u00bb background_color=\u00bb#33c18b\u00bb custom_padding=\u00bb19px||11px|||\u00bb border_radii=\u00bbon|20px|20px|20px|20px\u00bb global_colors_info=\u00bb{}\u00bb]<\/p>\n<h5 style=\"text-align: center;\"><span style=\"color: #ffffff;\"><strong>CONOCE NUESTRA NUEVA UBICACI\u00d3N<\/strong><\/span><\/h5>\n<h5 style=\"text-align: center;\"><\/h5>\n<h5 style=\"text-align: center;\"><span style=\"color: #ffffff;\">FACULTAD DE MEDICINA EDIFICIO A, PLANTA BAJA<\/span><\/h5>\n<h5 style=\"text-align: center;\"><span style=\"color: #ffffff;\"><strong><\/strong><\/span><\/h5>\n<h5 style=\"text-align: center;\"><span style=\"color: #ffffff;\"><strong><\/strong><\/span><\/h5>\n<h5 style=\"text-align: center;\"><span style=\"color: #ffffff;\"><strong><\/strong><\/span><\/h5>\n<h5 style=\"text-align: center;\"><span style=\"color: #ffffff;\"><strong>ESTAMOS BRINDANDO ATENCI\u00d3N PRESENCIAL<\/strong><\/span><\/h5>\n<h5 style=\"text-align: center;\"><span style=\"color: #ffffff;\"><strong>Horario:<\/strong> Lunes a viernes de 9:00 a 15:00 y\u00a0 de 17:00 a 19:00 hrs.<\/span><\/h5>\n<p>[\/et_pb_blurb][\/et_pb_column][et_pb_column type=\u00bb1_2&#8243; _builder_version=\u00bb4.16&#8243; _module_preset=\u00bbdefault\u00bb global_colors_info=\u00bb{}\u00bb][\/et_pb_column][\/et_pb_row][\/et_pb_section][et_pb_section fb_built=\u00bb1&#8243; _builder_version=\u00bb4.16&#8243; _module_preset=\u00bbdefault\u00bb background_color=\u00bbRGBA(255,255,255,0)\u00bb custom_margin=\u00bb||23px|||\u00bb custom_padding=\u00bb||0px|||\u00bb global_colors_info=\u00bb{}\u00bb][et_pb_row _builder_version=\u00bb4.16&#8243; _module_preset=\u00bbdefault\u00bb global_colors_info=\u00bb{}\u00bb][et_pb_column type=\u00bb4_4&#8243; _builder_version=\u00bb4.16&#8243; _module_preset=\u00bbdefault\u00bb global_colors_info=\u00bb{}\u00bb][et_pb_text _builder_version=\u00bb4.16&#8243; _module_preset=\u00bbdefault\u00bb global_colors_info=\u00bb{}\u00bb]<\/p>\n<p style=\"text-align: justify;\">El <strong>Programa de Ingl\u00e9s de la Facultad de Medicina, <\/strong>se apega al Marco Com\u00fan Europeo de Referencia para las Lenguas (MCER), un est\u00e1ndar que cuenta con <strong>seis niveles,<\/strong> organizando el aprendizaje de lenguas, homologando sus contenidos y acreditaciones. La divisi\u00f3n se agrupa en <strong>tres bloques<\/strong> que responden a una divisi\u00f3n m\u00e1s cl\u00e1sica de <strong>nivel b\u00e1sico, intermedio y avanzado.<\/strong><\/p>\n<p>[\/et_pb_text][\/et_pb_column][\/et_pb_row][et_pb_row _builder_version=\u00bb4.16&#8243; _module_preset=\u00bbdefault\u00bb width=\u00bb500px\u00bb width_tablet=\u00bb500px\u00bb width_phone=\u00bbauto\u00bb width_last_edited=\u00bbon|phone\u00bb custom_margin=\u00bb0px||0px||false|false\u00bb custom_padding=\u00bb0px||0px||false|false\u00bb box_shadow_style=\u00bbpreset1&#8243; global_colors_info=\u00bb{}\u00bb][et_pb_column type=\u00bb4_4&#8243; _builder_version=\u00bb4.16&#8243; _module_preset=\u00bbdefault\u00bb global_colors_info=\u00bb{}\u00bb][et_pb_toggle title=\u00bbNivel A1 (B\u00e1sico)\u00bb open_toggle_text_color=\u00bb#118e6a\u00bb closed_toggle_background_color=\u00bb#86dcc0&#8243; icon_color=\u00bb#118e6a\u00bb _builder_version=\u00bb4.16&#8243; _module_preset=\u00bbdefault\u00bb custom_margin=\u00bb||0px||false|false\u00bb global_colors_info=\u00bb{}\u00bb]<\/p>\n<p><span>Comprende y usa expresiones cotidianas y frases sencillas. Se presenta as\u00ed mismo y a otros, pide y da informaci\u00f3n personal b\u00e1sica sobre su domicilio, sus pertenencias y las personas que conoce.<\/span><span class=\"Apple-converted-space\">\u00a0<\/span><\/p>\n<p>[\/et_pb_toggle][et_pb_toggle title=\u00bbNivel A2 (B\u00e1sico alto)\u00bb open_toggle_text_color=\u00bb#118e6a\u00bb closed_toggle_background_color=\u00bb#86dcc0&#8243; icon_color=\u00bb#118e6a\u00bb _builder_version=\u00bb4.16&#8243; _module_preset=\u00bbdefault\u00bb custom_margin=\u00bb||0px||false|false\u00bb global_colors_info=\u00bb{}\u00bb]<\/p>\n<p><span class=\"Apple-converted-space\"><span>Comprende frases y expresiones de uso frecuente relacionadas con \u00e1reas de experiencia. Comunica tareas simples y cotidianas que no requieran m\u00e1s que intercambios sencillos, Describe aspectos simples de su pasado.<\/span>\u00a0<\/span><\/p>\n<p>[\/et_pb_toggle][et_pb_toggle title=\u00bbNivel B1 (Intermedio)\u00bb open_toggle_text_color=\u00bb#118e6a\u00bb closed_toggle_background_color=\u00bb#86dcc0&#8243; icon_color=\u00bb#118e6a\u00bb _builder_version=\u00bb4.16&#8243; _module_preset=\u00bbdefault\u00bb custom_margin=\u00bb||0px||false|false\u00bb global_colors_info=\u00bb{}\u00bb]<\/p>\n<p><span>Comprende puntos principales de textos en lengua est\u00e1ndar si tratan sobre cuestiones que le son conocidas. Sabe desenvolverse en la mayor parte de las situaciones que pueden surgir durante un viaje. Produce textos sencillos.<\/span><span class=\"Apple-converted-space\">\u00a0<\/span><\/p>\n<p>[\/et_pb_toggle][et_pb_toggle title=\u00bbNivel B2 (Intermedio alto)\u00bb open_toggle_text_color=\u00bb#118e6a\u00bb closed_toggle_background_color=\u00bb#86dcc0&#8243; icon_color=\u00bb#118e6a\u00bb _builder_version=\u00bb4.16&#8243; _module_preset=\u00bbdefault\u00bb custom_margin=\u00bb||0px||false|false\u00bb global_colors_info=\u00bb{}\u00bb]<\/p>\n<p><span>Entiende las ideas principales de textos complejos que traten de temas tanto concretos como abstractos, incluso si son de car\u00e1cter t\u00e9cnico siempre que est\u00e9n dentro de su campo de especializaci\u00f3n. Cuenta con fluidez y naturalidad al hablar, Puede participar en debates bas\u00e1ndose en argumentos.<\/span><\/p>\n<p>[\/et_pb_toggle][et_pb_toggle title=\u00bbNivel C1 (Usuario competente)\u00bb open_toggle_text_color=\u00bb#118e6a\u00bb closed_toggle_background_color=\u00bb#86dcc0&#8243; icon_color=\u00bb#118e6a\u00bb _builder_version=\u00bb4.16&#8243; _module_preset=\u00bbdefault\u00bb custom_margin=\u00bb||0px||false|false\u00bb global_colors_info=\u00bb{}\u00bb]<\/p>\n<p><span>Comprende textos extensos y con cierto nivel de exigencia, reconoce sentidos impl\u00edcitos. Se expresa fluidamente sin esfuerzo. Muestra un uso correcto de los mecanismos de organizaci\u00f3n, articulaci\u00f3n y cohesi\u00f3n en textos.<\/span><span class=\"Apple-converted-space\">\u00a0<\/span><\/p>\n<p>[\/et_pb_toggle][et_pb_toggle title=\u00bbNivel C2 (Maestr\u00eda)\u00bb open_toggle_text_color=\u00bb#118e6a\u00bb closed_toggle_background_color=\u00bb#86dcc0&#8243; icon_color=\u00bb#118e6a\u00bb _builder_version=\u00bb4.16&#8243; _module_preset=\u00bbdefault\u00bb custom_margin=\u00bb||0px||false|false\u00bb global_colors_info=\u00bb{}\u00bb]<\/p>\n<p><span>Comprende con facilidad casi todo lo que oye o lee. Puede reconstruir la informaci\u00f3n y argumentos para transmitirlos de manera coherente.<\/span><\/p>\n<p>[\/et_pb_toggle][\/et_pb_column][\/et_pb_row][\/et_pb_section][et_pb_section fb_built=\u00bb1&#8243; fullwidth=\u00bbon\u00bb _builder_version=\u00bb4.16&#8243; _module_preset=\u00bbdefault\u00bb locked=\u00bboff\u00bb global_colors_info=\u00bb{}\u00bb][et_pb_fullwidth_slider _builder_version=\u00bb4.16&#8243; _module_preset=\u00bbdefault\u00bb custom_padding=\u00bb||117px|||\u00bb global_colors_info=\u00bb{}\u00bb][et_pb_slide _builder_version=\u00bb4.16&#8243; _module_preset=\u00bbdefault\u00bb background_color=\u00bb#981d3b\u00bb background_enable_color=\u00bbon\u00bb background_image=\u00bbhttps:\/\/progingles.facmed.unam.mx\/wp-content\/uploads\/2022\/06\/1-1.png\u00bb background_enable_image=\u00bbon\u00bb background_size=\u00bbcontain\u00bb global_colors_info=\u00bb{}\u00bb sticky_transition=\u00bbon\u00bb][\/et_pb_slide][et_pb_slide _builder_version=\u00bb4.16&#8243; _module_preset=\u00bbdefault\u00bb background_color=\u00bb#981d3b\u00bb background_enable_color=\u00bbon\u00bb background_image=\u00bbhttps:\/\/progingles.facmed.unam.mx\/wp-content\/uploads\/2022\/06\/2-2.png\u00bb background_enable_image=\u00bbon\u00bb background_size=\u00bbcontain\u00bb global_colors_info=\u00bb{}\u00bb sticky_transition=\u00bbon\u00bb][\/et_pb_slide][\/et_pb_fullwidth_slider][\/et_pb_section][et_pb_section fb_built=\u00bb1&#8243; _builder_version=\u00bb4.16&#8243; _module_preset=\u00bbdefault\u00bb custom_padding=\u00bb0px||0px|||\u00bb locked=\u00bboff\u00bb global_colors_info=\u00bb{}\u00bb][et_pb_row column_structure=\u00bb1_3,1_3,1_3&#8243; _builder_version=\u00bb4.16&#8243; _module_preset=\u00bbdefault\u00bb custom_padding=\u00bb19px||0px|||\u00bb global_colors_info=\u00bb{}\u00bb][et_pb_column type=\u00bb1_3&#8243; _builder_version=\u00bb4.16&#8243; _module_preset=\u00bbdefault\u00bb global_colors_info=\u00bb{}\u00bb][\/et_pb_column][et_pb_column type=\u00bb1_3&#8243; _builder_version=\u00bb4.16&#8243; _module_preset=\u00bbdefault\u00bb global_colors_info=\u00bb{}\u00bb][et_pb_button button_url=\u00bbhttps:\/\/www.defensoria.unam.mx\/\u00bb url_new_window=\u00bbon\u00bb button_text=\u00bbM\u00c1S INFORMACI\u00d3N\u00bb button_alignment=\u00bbcenter\u00bb _builder_version=\u00bb4.16&#8243; custom_button=\u00bbon\u00bb button_text_size=\u00bb14px\u00bb button_bg_use_color_gradient=\u00bbon\u00bb button_bg_color_gradient_direction=\u00bb90deg\u00bb button_bg_color_gradient_stops=\u00bb#0c71c3 0%|#2e7fc1 73%\u00bb button_bg_color_gradient_start=\u00bb#0c71c3&#8243; button_bg_color_gradient_end=\u00bb#2e7fc1&#8243; button_bg_color_gradient_end_position=\u00bb73%\u00bb button_border_width=\u00bb0px\u00bb button_border_color=\u00bbrgba(0,0,0,0)\u00bb button_border_radius=\u00bb4px\u00bb button_letter_spacing=\u00bb5px\u00bb button_font=\u00bbRoboto|700||on|||||\u00bb background_layout=\u00bbdark\u00bb custom_margin=\u00bb|||1px||\u00bb custom_padding=\u00bb18px|32px|18px|32px|true|true\u00bb box_shadow_style=\u00bbpreset3&#8243; box_shadow_vertical=\u00bb20px\u00bb box_shadow_blur=\u00bb30px\u00bb box_shadow_spread=\u00bb-10px\u00bb box_shadow_color=\u00bbrgba(247,130,142,0.4)\u00bb button_letter_spacing_hover=\u00bb5.5px\u00bb locked=\u00bboff\u00bb global_colors_info=\u00bb{}\u00bb button_text_size__hover_enabled=\u00bboff\u00bb button_one_text_size__hover_enabled=\u00bboff\u00bb button_two_text_size__hover_enabled=\u00bboff\u00bb button_text_color__hover_enabled=\u00bboff\u00bb button_one_text_color__hover_enabled=\u00bboff\u00bb button_two_text_color__hover_enabled=\u00bboff\u00bb button_border_width__hover_enabled=\u00bboff\u00bb button_one_border_width__hover_enabled=\u00bboff\u00bb button_two_border_width__hover_enabled=\u00bboff\u00bb button_border_color__hover_enabled=\u00bboff\u00bb button_one_border_color__hover_enabled=\u00bboff\u00bb button_two_border_color__hover_enabled=\u00bboff\u00bb button_border_radius__hover_enabled=\u00bboff\u00bb button_one_border_radius__hover_enabled=\u00bboff\u00bb button_two_border_radius__hover_enabled=\u00bboff\u00bb button_letter_spacing__hover_enabled=\u00bbon\u00bb button_letter_spacing__hover=\u00bb5.5px\u00bb button_one_letter_spacing__hover_enabled=\u00bboff\u00bb button_two_letter_spacing__hover_enabled=\u00bboff\u00bb button_bg_color__hover_enabled=\u00bboff\u00bb button_one_bg_color__hover_enabled=\u00bboff\u00bb button_two_bg_color__hover_enabled=\u00bboff\u00bb][\/et_pb_button][\/et_pb_column][et_pb_column type=\u00bb1_3&#8243; _builder_version=\u00bb4.16&#8243; _module_preset=\u00bbdefault\u00bb global_colors_info=\u00bb{}\u00bb][\/et_pb_column][\/et_pb_row][\/et_pb_section][et_pb_section fb_built=\u00bb1&#8243; fullwidth=\u00bbon\u00bb module_id=\u00bbcontacto\u00bb _builder_version=\u00bb4.17.4&#8243; _module_preset=\u00bbdefault\u00bb background_enable_image=\u00bboff\u00bb custom_margin=\u00bb26px|||||\u00bb global_colors_info=\u00bb{}\u00bb][et_pb_fullwidth_image src=\u00bbhttps:\/\/progingles.facmed.unam.mx\/wp-content\/uploads\/2022\/06\/CSC-banner-ingle\u0301s.png\u00bb title_text=\u00bbAzul Foto Logo Avi\u00f3n Aerol\u00ednea General LinkedIn Banner\u00bb url=\u00bbhttps:\/\/progingles.facmed.unam.mx\/wp-content\/uploads\/2022\/06\/6.png\u00bb url_new_window=\u00bbon\u00bb _builder_version=\u00bb4.16&#8243; _module_preset=\u00bbdefault\u00bb global_colors_info=\u00bb{}\u00bb][\/et_pb_fullwidth_image][\/et_pb_section]<\/p>\n","protected":false},"excerpt":{"rendered":"<p>El Programa de Ingl\u00e9s de la Facultad de Medicina apoya a su comunidad a alcanzar el nivel B2 de dominio del idioma en comprensi\u00f3n de lectura que te permite la acreditaci\u00f3n para la titulaci\u00f3n, para residentes m\u00e9dicos, adem\u00e1s del dominio de las 4 habilidades si lo que deseas es usar el idioma ingl\u00e9s en tu [&hellip;]<\/p>\n","protected":false},"author":1,"featured_media":0,"parent":0,"menu_order":0,"comment_status":"closed","ping_status":"closed","template":"","meta":{"_et_pb_use_builder":"on","_et_pb_old_content":"","_et_gb_content_width":"","footnotes":""},"class_list":["post-9","page","type-page","status-publish","hentry"],"jetpack_sharing_enabled":true,"_links":{"self":[{"href":"https:\/\/progingles.facmed.unam.mx\/index.php\/wp-json\/wp\/v2\/pages\/9","targetHints":{"allow":["GET"]}}],"collection":[{"href":"https:\/\/progingles.facmed.unam.mx\/index.php\/wp-json\/wp\/v2\/pages"}],"about":[{"href":"https:\/\/progingles.facmed.unam.mx\/index.php\/wp-json\/wp\/v2\/types\/page"}],"author":[{"embeddable":true,"href":"https:\/\/progingles.facmed.unam.mx\/index.php\/wp-json\/wp\/v2\/users\/1"}],"replies":[{"embeddable":true,"href":"https:\/\/progingles.facmed.unam.mx\/index.php\/wp-json\/wp\/v2\/comments?post=9"}],"version-history":[{"count":24,"href":"https:\/\/progingles.facmed.unam.mx\/index.php\/wp-json\/wp\/v2\/pages\/9\/revisions"}],"predecessor-version":[{"id":657,"href":"https:\/\/progingles.facmed.unam.mx\/index.php\/wp-json\/wp\/v2\/pages\/9\/revisions\/657"}],"wp:attachment":[{"href":"https:\/\/progingles.facmed.unam.mx\/index.php\/wp-json\/wp\/v2\/media?parent=9"}],"curies":[{"name":"wp","href":"https:\/\/api.w.org\/{rel}","templated":true}]}}