{"id":125,"date":"2022-08-01T17:57:02","date_gmt":"2022-08-01T17:57:02","guid":{"rendered":"https:\/\/progingles.facmed.unam.mx\/?page_id=125"},"modified":"2026-04-21T18:37:47","modified_gmt":"2026-04-21T18:37:47","slug":"acreditacion","status":"publish","type":"page","link":"https:\/\/progingles.facmed.unam.mx\/index.php\/acreditacion\/","title":{"rendered":"Requisitos de Acreditaci\u00f3n"},"content":{"rendered":"<p>[et_pb_section fb_built=\u00bb1&#8243; _builder_version=\u00bb4.17.4&#8243; _module_preset=\u00bbdefault\u00bb use_background_color_gradient=\u00bbon\u00bb background_color_gradient_direction=\u00bb45deg\u00bb background_color_gradient_stops=\u00bb#2986e2 0%|#00267b 100%\u00bb background_image=\u00bbhttps:\/\/progingles.facmed.unam.mx\/wp-content\/uploads\/2022\/08\/textura.png\u00bb parallax=\u00bbon\u00bb global_colors_info=\u00bb{}\u00bb][et_pb_row _builder_version=\u00bb4.17.4&#8243; _module_preset=\u00bbdefault\u00bb global_colors_info=\u00bb{}\u00bb][et_pb_column type=\u00bb4_4&#8243; _builder_version=\u00bb4.17.4&#8243; _module_preset=\u00bbdefault\u00bb global_colors_info=\u00bb{}\u00bb][et_pb_text _builder_version=\u00bb4.17.4&#8243; _module_preset=\u00bbdefault\u00bb background_enable_image=\u00bboff\u00bb parallax=\u00bbon\u00bb background_layout=\u00bbdark\u00bb global_colors_info=\u00bb{}\u00bb]<\/p>\n<h1>Requisitos de Acreditaci\u00f3n<\/h1>\n<p>[\/et_pb_text][\/et_pb_column][\/et_pb_row][et_pb_row column_structure=\u00bb1_4,1_4,1_4,1_4&#8243; _builder_version=\u00bb4.17.4&#8243; _module_preset=\u00bbdefault\u00bb global_colors_info=\u00bb{}\u00bb][et_pb_column type=\u00bb1_4&#8243; _builder_version=\u00bb4.17.4&#8243; _module_preset=\u00bbdefault\u00bb global_colors_info=\u00bb{}\u00bb][et_pb_button button_url=\u00bbhttps:\/\/progingles.facmed.unam.mx\/index.php\/acreditacion\/#medcir\u00bb button_text=\u00bbM\u00e9dico Cirujano\u00bb button_alignment=\u00bbcenter\u00bb _builder_version=\u00bb4.17.4&#8243; _module_preset=\u00bbdefault\u00bb background_layout=\u00bbdark\u00bb global_colors_info=\u00bb{}\u00bb][\/et_pb_button][\/et_pb_column][et_pb_column type=\u00bb1_4&#8243; _builder_version=\u00bb4.17.4&#8243; _module_preset=\u00bbdefault\u00bb global_colors_info=\u00bb{}\u00bb][et_pb_button button_url=\u00bbhttps:\/\/progingles.facmed.unam.mx\/index.php\/acreditacion\/#neurocien\u00bb button_text=\u00bbNeurociencias\u00bb button_alignment=\u00bbcenter\u00bb _builder_version=\u00bb4.17.4&#8243; _module_preset=\u00bbdefault\u00bb background_layout=\u00bbdark\u00bb global_colors_info=\u00bb{}\u00bb][\/et_pb_button][\/et_pb_column][et_pb_column type=\u00bb1_4&#8243; _builder_version=\u00bb4.17.4&#8243; _module_preset=\u00bbdefault\u00bb global_colors_info=\u00bb{}\u00bb][et_pb_button button_url=\u00bbhttps:\/\/progingles.facmed.unam.mx\/index.php\/acreditacion\/#ciencfor\u00bb button_text=\u00bbCiencia Forense\u00bb button_alignment=\u00bbcenter\u00bb _builder_version=\u00bb4.17.4&#8243; _module_preset=\u00bbdefault\u00bb background_layout=\u00bbdark\u00bb global_colors_info=\u00bb{}\u00bb][\/et_pb_button][\/et_pb_column][et_pb_column type=\u00bb1_4&#8243; _builder_version=\u00bb4.17.4&#8243; _module_preset=\u00bbdefault\u00bb global_colors_info=\u00bb{}\u00bb][et_pb_button button_url=\u00bbhttps:\/\/progingles.facmed.unam.mx\/index.php\/acreditacion\/#nutricion\u00bb button_text=\u00bbCiencia de la Nutrici\u00f3n Humana\u00bb button_alignment=\u00bbcenter\u00bb _builder_version=\u00bb4.17.4&#8243; _module_preset=\u00bbdefault\u00bb background_layout=\u00bbdark\u00bb global_colors_info=\u00bb{}\u00bb][\/et_pb_button][\/et_pb_column][\/et_pb_row][et_pb_row column_structure=\u00bb1_4,1_4,1_4,1_4&#8243; _builder_version=\u00bb4.17.4&#8243; _module_preset=\u00bbdefault\u00bb global_colors_info=\u00bb{}\u00bb][et_pb_column type=\u00bb1_4&#8243; _builder_version=\u00bb4.17.4&#8243; _module_preset=\u00bbdefault\u00bb global_colors_info=\u00bb{}\u00bb][et_pb_button button_url=\u00bbhttps:\/\/progingles.facmed.unam.mx\/index.php\/acreditacion\/#invbiomedic\u00bb button_text=\u00bbInvestigaci\u00f3n Biom\u00e9dica B\u00e1sica\u00bb button_alignment=\u00bbcenter\u00bb _builder_version=\u00bb4.17.4&#8243; _module_preset=\u00bbdefault\u00bb background_layout=\u00bbdark\u00bb global_colors_info=\u00bb{}\u00bb][\/et_pb_button][\/et_pb_column][et_pb_column type=\u00bb1_4&#8243; _builder_version=\u00bb4.17.4&#8243; _module_preset=\u00bbdefault\u00bb global_colors_info=\u00bb{}\u00bb][et_pb_button button_url=\u00bbhttps:\/\/progingles.facmed.unam.mx\/index.php\/acreditacion\/#pecem\u00bb button_text=\u00bbPlanes de Estudios Combinados en Medicina\u00bb button_alignment=\u00bbcenter\u00bb _builder_version=\u00bb4.17.4&#8243; _module_preset=\u00bbdefault\u00bb background_layout=\u00bbdark\u00bb global_colors_info=\u00bb{}\u00bb][\/et_pb_button][\/et_pb_column][et_pb_column type=\u00bb1_4&#8243; _builder_version=\u00bb4.17.4&#8243; _module_preset=\u00bbdefault\u00bb global_colors_info=\u00bb{}\u00bb][et_pb_button button_url=\u00bbhttps:\/\/progingles.facmed.unam.mx\/index.php\/acreditacion\/#fisiolo\u00bb button_text=\u00bbFisioterapia\u00bb button_alignment=\u00bbcenter\u00bb _builder_version=\u00bb4.17.4&#8243; _module_preset=\u00bbdefault\u00bb background_layout=\u00bbdark\u00bb global_colors_info=\u00bb{}\u00bb][\/et_pb_button][\/et_pb_column][et_pb_column type=\u00bb1_4&#8243; _builder_version=\u00bb4.17.4&#8243; _module_preset=\u00bbdefault\u00bb global_colors_info=\u00bb{}\u00bb][et_pb_button button_url=\u00bbhttps:\/\/progingles.facmed.unam.mx\/index.php\/acreditacion\/#residencia\u00bb button_text=\u00bbResidentes M\u00e9dicos\u00bb button_alignment=\u00bbcenter\u00bb _builder_version=\u00bb4.17.4&#8243; _module_preset=\u00bbdefault\u00bb background_layout=\u00bbdark\u00bb global_colors_info=\u00bb{}\u00bb][\/et_pb_button][\/et_pb_column][\/et_pb_row][\/et_pb_section][et_pb_section fb_built=\u00bb1&#8243; module_id=\u00bbmedcir\u00bb _builder_version=\u00bb4.17.4&#8243; _module_preset=\u00bbdefault\u00bb background_color=\u00bb#2054fa\u00bb background_image=\u00bbhttps:\/\/progingles.facmed.unam.mx\/wp-content\/uploads\/2022\/08\/textura.png\u00bb global_colors_info=\u00bb{}\u00bb][et_pb_row _builder_version=\u00bb4.17.4&#8243; _module_preset=\u00bbdefault\u00bb global_colors_info=\u00bb{}\u00bb][et_pb_column type=\u00bb4_4&#8243; _builder_version=\u00bb4.17.4&#8243; _module_preset=\u00bbdefault\u00bb global_colors_info=\u00bb{}\u00bb][et_pb_text ul_type=\u00bbcircle\u00bb ul_item_indent=\u00bb30px\u00bb ol_type=\u00bblower-alpha\u00bb _builder_version=\u00bb4.21.0&#8243; _module_preset=\u00bbdefault\u00bb link_text_color=\u00bb#5bf7e7&#8243; background_layout=\u00bbdark\u00bb global_colors_info=\u00bb{}\u00bb]<\/p>\n<h2>.M\u00e9dico Cirujano<\/h2>\n<p>Requisito: B2 en comprensi\u00f3n de lectura de textos m\u00e9dicos en ingl\u00e9s.<\/p>\n<p>Medios de acreditaci\u00f3n:<span style=\"font-weight: 400;\"><\/span><\/p>\n<ol type=\"a\">\n<li>Programa de Ingl\u00e9s de la Facultad de Medicina (otorga constancia definitiva):\n<ul type=\"circle\">\n<li><a href=\"https:\/\/progingles.facmed.unam.mx\/index.php\/examenes\/\" target=\"_blank\" rel=\"noopener\">Examen de Comprensi\u00f3n de Lectura de Textos M\u00e9dicos en Ingl\u00e9s.<\/a><\/li>\n<li><a href=\"https:\/\/ingles.facmed.unam.mx\/moodle\/course\/view.php?id=3\" target=\"_blank\" rel=\"noopener\">Cursos de Comprensi\u00f3n de Lectura en ingl\u00e9s.<\/a><\/li>\n<\/ul>\n<\/li>\n<li>Escuela Nacional de Lenguas Ling\u00fc\u00edstica y Traducci\u00f3n\n<ul type=\"circle\">\n<li><a href=\"https:\/\/enallt.unam.mx\/\" target=\"_blank\" rel=\"noopener\">Examen Residente m\u00e9dico<\/a><\/li>\n<\/ul>\n<\/li>\n<\/ol>\n<p>Tiempo de acreditaci\u00f3n sugerida: 1 a\u00f1o antes de la titulaci\u00f3n.<\/p>\n<p>&nbsp;<\/p>\n<p style=\"padding-left: 80px;\">Puedes consultar m\u00e1s sobre tu licenciatura en: <a href=\"https:\/\/medicina.facmed.unam.mx\/\">M\u00e9dico Cirujano (unam.mx)<\/a><\/p>\n<p>[\/et_pb_text][\/et_pb_column][\/et_pb_row][\/et_pb_section][et_pb_section fb_built=\u00bb1&#8243; module_id=\u00bbneurocien\u00bb _builder_version=\u00bb4.17.4&#8243; _module_preset=\u00bbdefault\u00bb background_color=\u00bb#2986e2&#8243; background_image=\u00bbhttps:\/\/progingles.facmed.unam.mx\/wp-content\/uploads\/2022\/08\/textura.png\u00bb global_colors_info=\u00bb{}\u00bb][et_pb_row _builder_version=\u00bb4.17.4&#8243; _module_preset=\u00bbdefault\u00bb global_colors_info=\u00bb{}\u00bb][et_pb_column type=\u00bb4_4&#8243; _builder_version=\u00bb4.17.4&#8243; _module_preset=\u00bbdefault\u00bb global_colors_info=\u00bb{}\u00bb][et_pb_text ul_type=\u00bbcircle\u00bb ul_item_indent=\u00bb30px\u00bb ol_type=\u00bblower-alpha\u00bb _builder_version=\u00bb4.21.0&#8243; _module_preset=\u00bbdefault\u00bb link_text_color=\u00bb#5bf7e7&#8243; background_layout=\u00bbdark\u00bb global_colors_info=\u00bb{}\u00bb]<\/p>\n<h2>Neurociencias<\/h2>\n<div class=\"gmail_default\">* Comprensi\u00f3n de lectura, es un requisito de permanencia. El estudiantado debe presentar a la coordinaci\u00f3n, la constancia antes de su inscripci\u00f3n al 4o semestre.\u00a0<\/div>\n<div class=\"gmail_default\">* Dominio, es un requisito de titulaci\u00f3n. Las personas egresadas deben presentar la constancia de dominio o su equivalente, para poder solicitar el t\u00edtulo de licenciatura.\u00a0<\/div>\n<p>Medios de acreditaci\u00f3n:<span style=\"font-weight: 400;\"><\/span><\/p>\n<ol type=\"a\">\n<li>Programa de Ingl\u00e9s de la Facultad de Medicina (otorga constancia definitiva):\n<ul type=\"circle\">\n<li><a href=\"https:\/\/progingles.facmed.unam.mx\/index.php\/examenes\/\" target=\"_blank\" rel=\"noopener\">Examen de Comprensi\u00f3n de Lectura de Textos de Neurociencia en Ingl\u00e9s.<\/a><\/li>\n<li><a href=\"https:\/\/ingles.facmed.unam.mx\/moodle\/course\/view.php?id=3\" target=\"_blank\" rel=\"noopener\">Cursos de Comprensi\u00f3n de Lectura en Ingl\u00e9s.<\/a><\/li>\n<li><a href=\"https:\/\/sistemas.facmed.unam.mx\/registro\/ep\/index.php\" title=\"edi\">Examen de dominio del idioma ingl\u00e9s<\/a><\/li>\n<li>Curso de dominio del ingl\u00e9s en la plataforma Ambiente Virtual de Idiomas.<\/li>\n<\/ul>\n<\/li>\n<li>Escuela Nacional de Lenguas Ling\u00fc\u00edstica y Traducci\u00f3n\n<ul type=\"circle\">\n<li>Curso de dominio del ingl\u00e9s<\/li>\n<\/ul>\n<\/li>\n<li>\u00a0Certificaciones:\n<ul type=\"a\">\n<li>46-93 puntos en TOEFL ITP vigente<\/li>\n<li>First Certificate Cambridge.<\/li>\n<\/ul>\n<\/li>\n<\/ol>\n<ol type=\"a\">\n<li style=\"list-style-type: none;\">\n<ul type=\"circle\"><\/ul>\n<\/li>\n<\/ol>\n<p>Puedes consultar m\u00e1s sobre tu licenciatura en: <a href=\"http:\/\/neurociencias.facmed.unam.mx\/\" title=\"Neurociencias FACMED\">http:\/\/neurociencias.facmed.unam.mx\/<\/a><\/p>\n<p>[\/et_pb_text][\/et_pb_column][\/et_pb_row][\/et_pb_section][et_pb_section fb_built=\u00bb1&#8243; module_id=\u00bbciencfor\u00bb _builder_version=\u00bb4.17.4&#8243; _module_preset=\u00bbdefault\u00bb background_color=\u00bb#075791&#8243; background_image=\u00bbhttps:\/\/progingles.facmed.unam.mx\/wp-content\/uploads\/2022\/08\/textura.png\u00bb global_colors_info=\u00bb{}\u00bb][et_pb_row _builder_version=\u00bb4.17.4&#8243; _module_preset=\u00bbdefault\u00bb global_colors_info=\u00bb{}\u00bb][et_pb_column type=\u00bb4_4&#8243; _builder_version=\u00bb4.17.4&#8243; _module_preset=\u00bbdefault\u00bb global_colors_info=\u00bb{}\u00bb][et_pb_text ul_type=\u00bbcircle\u00bb ul_item_indent=\u00bb30px\u00bb ol_type=\u00bblower-alpha\u00bb _builder_version=\u00bb4.21.0&#8243; _module_preset=\u00bbdefault\u00bb link_text_color=\u00bb#5bf7e7&#8243; background_layout=\u00bbdark\u00bb global_colors_info=\u00bb{}\u00bb]<\/p>\n<h2>Ciencia Forense<\/h2>\n<p>Requisito:<\/p>\n<ul>\n<li>B2 en comprensi\u00f3n de lectura de textos de ciencia forense en ingl\u00e9s.<\/li>\n<li>Dominio del idioma ingl\u00e9s.<\/li>\n<\/ul>\n<p>Medios de acreditaci\u00f3n:<span style=\"font-weight: 400;\"><\/span><\/p>\n<ol type=\"a\">\n<li>A trav\u00e9s del Programa de Ingl\u00e9s de la Facultad de Medicina (otorga constancia definitiva):<\/li>\n<\/ol>\n<p>\u00a0 \u00a0 \u00a0 \u00a0 \u00a0 \u00a0 \u00a0 \u00a0 \u00a0Para acreditar Comprensi\u00f3n de textos:<\/p>\n<ul>\n<li style=\"list-style-type: none;\">\n<ul type=\"circle\">\n<li><a href=\"https:\/\/progingles.facmed.unam.mx\/index.php\/examenes\/\" target=\"_blank\" rel=\"noopener\">Opci\u00f3n 1: Examen de Comprensi\u00f3n de Lectura de Textos sobre Ciencia Forense en Ingl\u00e9s.<\/a><\/li>\n<li><a href=\"https:\/\/ingles.facmed.unam.mx\/moodle\/course\/view.php?id=3\" target=\"_blank\" rel=\"noopener\">Opci\u00f3n 2: Cursos de Comprensi\u00f3n de Lectura en ingl\u00e9s (niveles B1 y B2).<\/a><\/li>\n<\/ul>\n<\/li>\n<\/ul>\n<p>Para acreditar Dominio:<\/p>\n<ol type=\"a\">\n<li style=\"list-style-type: none;\">\n<ul type=\"circle\">\n<li><a href=\"https:\/\/sistemas.facmed.unam.mx\/registro\/ep\/index.php\" title=\"EDI\">Opci\u00f3n 1: Examen de dominio del idioma ingl\u00e9s B2<\/a><\/li>\n<li>Opci\u00f3n 2: Curso de dominio del ingl\u00e9s en la plataforma Ambiente Virtual de Idiomas (8 niveles correspondientes a A1-B2)<\/li>\n<\/ul>\n<\/li>\n<li>A trav\u00e9s de la Escuela Nacional de Lenguas Ling\u00fc\u00edstica y Traducci\u00f3n:\n<ul type=\"circle\">\n<li>Curso de dominio del ingl\u00e9s.<\/li>\n<\/ul>\n<\/li>\n<\/ol>\n<p>Puedes consultar m\u00e1s sobre tu licenciatura en <a href=\"http:\/\/www.cienciaforense.facmed.unam.mx\/\">Escuela Nacional de Ciencias Forenses (unam.mx)<\/a><\/p>\n<p>[\/et_pb_text][\/et_pb_column][\/et_pb_row][\/et_pb_section][et_pb_section fb_built=\u00bb1&#8243; module_id=\u00bbnutricion\u00bb _builder_version=\u00bb4.17.4&#8243; _module_preset=\u00bbdefault\u00bb background_color=\u00bb#00267b\u00bb background_image=\u00bbhttps:\/\/progingles.facmed.unam.mx\/wp-content\/uploads\/2022\/08\/textura.png\u00bb global_colors_info=\u00bb{}\u00bb][et_pb_row _builder_version=\u00bb4.17.4&#8243; _module_preset=\u00bbdefault\u00bb global_colors_info=\u00bb{}\u00bb][et_pb_column type=\u00bb4_4&#8243; _builder_version=\u00bb4.17.4&#8243; _module_preset=\u00bbdefault\u00bb global_colors_info=\u00bb{}\u00bb][et_pb_text ul_type=\u00bbcircle\u00bb ul_item_indent=\u00bb30px\u00bb ol_type=\u00bblower-alpha\u00bb _builder_version=\u00bb4.21.0&#8243; _module_preset=\u00bbdefault\u00bb link_text_color=\u00bb#5bf7e7&#8243; background_layout=\u00bbdark\u00bb global_colors_info=\u00bb{}\u00bb]<\/p>\n<h2>Ciencia de la Nutrici\u00f3n Humana<\/h2>\n<p>Requisito:<\/p>\n<ul>\n<li>B2 en comprensi\u00f3n de textos sobre nutrici\u00f3n en ingl\u00e9s.<\/li>\n<li>Dominio del idioma ingl\u00e9s.<\/li>\n<\/ul>\n<p>Medios de acreditaci\u00f3n:<span style=\"font-weight: 400;\"><\/span><\/p>\n<ol type=\"a\">\n<li>A trav\u00e9s del Programa de Ingl\u00e9s de la Facultad de Medicina (otorga constancia definitiva):<\/li>\n<\/ol>\n<p>Para acreditar Comprensi\u00f3n de textos:<\/p>\n<ul>\n<li style=\"list-style-type: none;\">\n<ul type=\"circle\">\n<li><a href=\"https:\/\/progingles.facmed.unam.mx\/index.php\/examenes\/\" target=\"_blank\" rel=\"noopener\">Opci\u00f3n 1: Examen de Comprensi\u00f3n de Lectura de Textos sobre Nutrici\u00f3n en Ingl\u00e9s.<\/a><\/li>\n<li><a href=\"https:\/\/ingles.facmed.unam.mx\/moodle\/course\/view.php?id=3\" target=\"_blank\" rel=\"noopener\">Opci\u00f3n 2: Cursos de Comprensi\u00f3n de Lectura en ingl\u00e9s (niveles B1 y B2).<\/a><\/li>\n<\/ul>\n<\/li>\n<\/ul>\n<p>Para acreditar Dominio:<\/p>\n<ol type=\"a\">\n<li style=\"list-style-type: none;\">\n<ul type=\"circle\">\n<li><a href=\"https:\/\/sistemas.facmed.unam.mx\/registro\/ep\/index.php\" title=\"EDI\">Opci\u00f3n 1: Examen de dominio del idioma ingl\u00e9s B2<\/a><\/li>\n<li>Opci\u00f3n 2: Curso de dominio del ingl\u00e9s en la plataforma Ambiente Virtual de Idiomas (8 niveles correspondientes a A1-B2)<\/li>\n<\/ul>\n<\/li>\n<li>A trav\u00e9s de la Escuela Nacional de Lenguas Ling\u00fc\u00edstica y Traducci\u00f3n:\n<ul type=\"circle\">\n<li>Curso de dominio del ingl\u00e9s.<\/li>\n<li>Examen de comprensi\u00f3n de lectura en ingl\u00e9s de textos especializados B2<\/li>\n<\/ul>\n<\/li>\n<\/ol>\n<p>Puedes consultar m\u00e1s sobre tu licenciatura en <a href=\"https:\/\/nutricion.facmed.unam.mx\/\">Ciencia de la Nutrici\u00f3n Humana (unam.mx)<\/a><\/p>\n<p>[\/et_pb_text][\/et_pb_column][\/et_pb_row][\/et_pb_section][et_pb_section fb_built=\u00bb1&#8243; module_id=\u00bbinvbiomedic\u00bb _builder_version=\u00bb4.17.4&#8243; _module_preset=\u00bbdefault\u00bb background_color=\u00bb#2054fa\u00bb background_image=\u00bbhttps:\/\/progingles.facmed.unam.mx\/wp-content\/uploads\/2022\/08\/textura.png\u00bb global_colors_info=\u00bb{}\u00bb][et_pb_row _builder_version=\u00bb4.17.4&#8243; _module_preset=\u00bbdefault\u00bb global_colors_info=\u00bb{}\u00bb][et_pb_column type=\u00bb4_4&#8243; _builder_version=\u00bb4.17.4&#8243; _module_preset=\u00bbdefault\u00bb global_colors_info=\u00bb{}\u00bb][et_pb_text ul_type=\u00bbcircle\u00bb ul_item_indent=\u00bb30px\u00bb ol_type=\u00bblower-alpha\u00bb _builder_version=\u00bb4.21.0&#8243; _module_preset=\u00bbdefault\u00bb link_text_color=\u00bb#5bf7e7&#8243; background_layout=\u00bbdark\u00bb global_colors_info=\u00bb{}\u00bb]<\/p>\n<h2>Investigaci\u00f3n Biom\u00e9dica B\u00e1sica<\/h2>\n<p>Requisito: B2 en comprensi\u00f3n de lectura de textos m\u00e9dicos en ingl\u00e9s.<\/p>\n<p>Medios de acreditaci\u00f3n:<span style=\"font-weight: 400;\"><\/span><\/p>\n<ol type=\"a\">\n<li>Programa de Ingl\u00e9s de la Facultad de Medicina (otorga constancia definitiva):\n<ul type=\"circle\">\n<li><a href=\"https:\/\/progingles.facmed.unam.mx\/index.php\/examenes\/\" target=\"_blank\" rel=\"noopener\">Examen de Comprensi\u00f3n de Lectura de Textos M\u00e9dicos en Ingl\u00e9s.<\/a><\/li>\n<li><a href=\"https:\/\/ingles.facmed.unam.mx\/moodle\/course\/view.php?id=3\" target=\"_blank\" rel=\"noopener\">Cursos de Comprensi\u00f3n de Lectura en ingl\u00e9s.<\/a><\/li>\n<\/ul>\n<\/li>\n<li>Escuela Nacional de Lenguas Ling\u00fc\u00edstica y Traducci\u00f3n\n<ul type=\"circle\">\n<li>Examen Residente m\u00e9dico<\/li>\n<\/ul>\n<\/li>\n<\/ol>\n<p>Puedes consultar m\u00e1s sobre tu licenciatura en: <a href=\"http:\/\/www.oferta.unam.mx\/investigacion-biomedica.html\">Investigaci\u00f3n Biom\u00e9dica B\u00e1sica | Oferta Acad\u00e9mica | UNAM<\/a><\/p>\n<p>[\/et_pb_text][\/et_pb_column][\/et_pb_row][\/et_pb_section][et_pb_section fb_built=\u00bb1&#8243; module_id=\u00bbpecem\u00bb _builder_version=\u00bb4.17.4&#8243; _module_preset=\u00bbdefault\u00bb background_color=\u00bb#2986e2&#8243; background_image=\u00bbhttps:\/\/progingles.facmed.unam.mx\/wp-content\/uploads\/2022\/08\/textura.png\u00bb global_colors_info=\u00bb{}\u00bb][et_pb_row _builder_version=\u00bb4.17.4&#8243; _module_preset=\u00bbdefault\u00bb global_colors_info=\u00bb{}\u00bb][et_pb_column type=\u00bb4_4&#8243; _builder_version=\u00bb4.17.4&#8243; _module_preset=\u00bbdefault\u00bb global_colors_info=\u00bb{}\u00bb][et_pb_text ul_type=\u00bbcircle\u00bb ul_item_indent=\u00bb30px\u00bb ol_type=\u00bblower-alpha\u00bb _builder_version=\u00bb4.21.0&#8243; _module_preset=\u00bbdefault\u00bb link_text_color=\u00bb#5bf7e7&#8243; background_layout=\u00bbdark\u00bb global_colors_info=\u00bb{}\u00bb]<\/p>\n<h2>Plan de Estudios Combinados en Medicina (PECEM)<\/h2>\n<p>Requisito: B2 en comprensi\u00f3n de lectura de textos m\u00e9dicos en ingl\u00e9s.<\/p>\n<p>Medios de acreditaci\u00f3n:<span style=\"font-weight: 400;\"><\/span><\/p>\n<ol type=\"a\">\n<li>Programa de Ingl\u00e9s de la Facultad de Medicina (otorga constancia definitiva):\n<ul type=\"circle\">\n<li><a href=\"https:\/\/progingles.facmed.unam.mx\/index.php\/examenes\/\" target=\"_blank\" rel=\"noopener\">Examen de Comprensi\u00f3n de Lectura de Textos M\u00e9dicos en Ingl\u00e9s.<\/a><\/li>\n<li><a href=\"https:\/\/ingles.facmed.unam.mx\/moodle\/course\/view.php?id=3\" target=\"_blank\" rel=\"noopener\">Cursos de Comprensi\u00f3n de Lectura en ingl\u00e9s.<\/a><\/li>\n<\/ul>\n<\/li>\n<li>Escuela Nacional de Lenguas Ling\u00fc\u00edstica y Traducci\u00f3n\n<ul type=\"circle\">\n<li>Examen Residente m\u00e9dico<\/li>\n<\/ul>\n<\/li>\n<\/ol>\n<p>Puedes consultar m\u00e1s sobre tu licenciatura en: <a href=\"https:\/\/pecem.facmed.unam.mx\/\">PECEM | Facultad de Medicina, UNAM<\/a><\/p>\n<p>[\/et_pb_text][\/et_pb_column][\/et_pb_row][\/et_pb_section][et_pb_section fb_built=\u00bb1&#8243; module_id=\u00bbfisiolo\u00bb _builder_version=\u00bb4.17.4&#8243; _module_preset=\u00bbdefault\u00bb background_color=\u00bb#075791&#8243; background_image=\u00bbhttps:\/\/progingles.facmed.unam.mx\/wp-content\/uploads\/2022\/08\/textura.png\u00bb global_colors_info=\u00bb{}\u00bb][et_pb_row _builder_version=\u00bb4.17.4&#8243; _module_preset=\u00bbdefault\u00bb global_colors_info=\u00bb{}\u00bb][et_pb_column type=\u00bb4_4&#8243; _builder_version=\u00bb4.17.4&#8243; _module_preset=\u00bbdefault\u00bb global_colors_info=\u00bb{}\u00bb][et_pb_text ul_item_indent=\u00bb30px\u00bb _builder_version=\u00bb4.17.4&#8243; _module_preset=\u00bbdefault\u00bb background_layout=\u00bbdark\u00bb global_colors_info=\u00bb{}\u00bb]<\/p>\n<h2>Fisioterapia<\/h2>\n<p>Requisito: Aprobar los cursos de ingl\u00e9s por asignatura.[\/et_pb_text][\/et_pb_column][\/et_pb_row][\/et_pb_section][et_pb_section fb_built=\u00bb1&#8243; module_id=\u00bbresidencia\u00bb _builder_version=\u00bb4.17.4&#8243; _module_preset=\u00bbdefault\u00bb background_color=\u00bb#00267b\u00bb background_image=\u00bbhttps:\/\/progingles.facmed.unam.mx\/wp-content\/uploads\/2022\/08\/textura.png\u00bb global_colors_info=\u00bb{}\u00bb][et_pb_row _builder_version=\u00bb4.17.4&#8243; _module_preset=\u00bbdefault\u00bb global_colors_info=\u00bb{}\u00bb][et_pb_column type=\u00bb4_4&#8243; _builder_version=\u00bb4.17.4&#8243; _module_preset=\u00bbdefault\u00bb global_colors_info=\u00bb{}\u00bb][et_pb_text ul_item_indent=\u00bb30px\u00bb _builder_version=\u00bb4.21.0&#8243; _module_preset=\u00bbdefault\u00bb link_text_color=\u00bb#5bf7e7&#8243; background_layout=\u00bbdark\u00bb global_colors_info=\u00bb{}\u00bb]<\/p>\n<h2>Acreditaci\u00f3n del idioma ingl\u00e9s para Residentes M\u00e9dicos<\/h2>\n<p>Los residentes m\u00e9dicos pueden realizar su acreditaci\u00f3n de dos maneras:<\/p>\n<h4><strong>Examen<\/strong><\/h4>\n<p>Dirigido a: Residentes con nivel intermedio alto en comprensi\u00f3n de textos m\u00e9dicos en ingl\u00e9s.<br \/>Eval\u00faa: Que los residentes cuenten con el nivel B2 en comprensi\u00f3n de lectura literal, inferencial y cr\u00edtica aplicada en textos m\u00e9dicos.<\/p>\n<p>Formas de aplicaci\u00f3n:<\/p>\n<ul>\n<li>Presencial: Agendando una cita. Se otorga constancia el mismo d\u00eda de acreditar.<\/li>\n<li>En l\u00ednea: siguiendo el proceso de inscripci\u00f3n de los ex\u00e1menes de acreditaci\u00f3n programados. Se env\u00eda constancia al correo en 14 d\u00edas h\u00e1biles.<\/li>\n<\/ul>\n<p>Duraci\u00f3n:<\/p>\n<ul>\n<li>Presencial: 1 h min.<\/li>\n<li>En l\u00ednea: 1:30 h.<\/li>\n<\/ul>\n<p>Costo:<\/p>\n<ul>\n<li>Presencial:\n<ul>\n<li>$835 pesos directamente en la Facultad de Medicina.<\/li>\n<\/ul>\n<\/li>\n<\/ul>\n<ul>\n<li>En l\u00ednea: Revisar fechas de aplicaci\u00f3n y de registro en <a href=\"https:\/\/progingles.facmed.unam.mx\/index.php\/examenes\/\">Ex\u00e1menes de acreditaci\u00f3n | Programa de Ingl\u00e9s<\/a>\u00a0<\/li>\n<\/ul>\n<h4><strong>Cursos<\/strong><\/h4>\n<ul>\n<li>Intensivo de comprensi\u00f3n de textos m\u00e9dicos en ingl\u00e9s B1-B2 para la acreditaci\u00f3n de la titulaci\u00f3n y residentes m\u00e9dicos.<\/li>\n<li>Intersemestral intensivo para la acreditaci\u00f3n del idioma ingl\u00e9s para la titulaci\u00f3n y residentes m\u00e9dicos.<\/li>\n<\/ul>\n<p>Dirigidos a: Residentes con nivel b\u00e1sico alto en comprensi\u00f3n de lectura en ingl\u00e9s.<br \/>Objetivo: Que los residentes cuenten con el nivel B2 en comprensi\u00f3n de lectura literal, inferencial y cr\u00edtica aplicada en textos m\u00e9dicos.<\/p>\n<p>Formas de aplicaci\u00f3n:<\/p>\n<ul>\n<li>En l\u00ednea: pago e inscripci\u00f3n en: <a href=\"https:\/\/sistemas.facmed.unam.mx\/registro\/ep\/\" target=\"_blank\" rel=\"noopener\">https:\/\/sistemas.facmed.unam.mx\/registro\/ep\/<\/a> .<\/li>\n<\/ul>\n<p>Duraci\u00f3n:<\/p>\n<ul>\n<ul>\n<ul>\n<li>Curso Intensivo regular: 4 meses.<\/li>\n<li>Curso intersemestral: 2 meses.<\/li>\n<\/ul>\n<\/ul>\n<\/ul>\n<p>Informes y citas al 55 5623 2355<\/p>\n<p>Correo: <a href=\"mailto:progi.fm@unam.mx\">progi.fm@unam.mx<\/a><\/p>\n<p>[\/et_pb_text][\/et_pb_column][\/et_pb_row][\/et_pb_section]<\/p>\n","protected":false},"excerpt":{"rendered":"<p>Requisitos de Acreditaci\u00f3n.M\u00e9dico Cirujano Requisito: B2 en comprensi\u00f3n de lectura de textos m\u00e9dicos en ingl\u00e9s. Medios de acreditaci\u00f3n: Programa de Ingl\u00e9s de la Facultad de Medicina (otorga constancia definitiva): Examen de Comprensi\u00f3n de Lectura de Textos M\u00e9dicos en Ingl\u00e9s. Cursos de Comprensi\u00f3n de Lectura en ingl\u00e9s. Escuela Nacional de Lenguas Ling\u00fc\u00edstica y Traducci\u00f3n Examen Residente [&hellip;]<\/p>\n","protected":false},"author":2,"featured_media":0,"parent":0,"menu_order":0,"comment_status":"closed","ping_status":"closed","template":"","meta":{"_et_pb_use_builder":"on","_et_pb_old_content":"","_et_gb_content_width":"","footnotes":""},"class_list":["post-125","page","type-page","status-publish","hentry"],"jetpack_sharing_enabled":true,"_links":{"self":[{"href":"https:\/\/progingles.facmed.unam.mx\/index.php\/wp-json\/wp\/v2\/pages\/125","targetHints":{"allow":["GET"]}}],"collection":[{"href":"https:\/\/progingles.facmed.unam.mx\/index.php\/wp-json\/wp\/v2\/pages"}],"about":[{"href":"https:\/\/progingles.facmed.unam.mx\/index.php\/wp-json\/wp\/v2\/types\/page"}],"author":[{"embeddable":true,"href":"https:\/\/progingles.facmed.unam.mx\/index.php\/wp-json\/wp\/v2\/users\/2"}],"replies":[{"embeddable":true,"href":"https:\/\/progingles.facmed.unam.mx\/index.php\/wp-json\/wp\/v2\/comments?post=125"}],"version-history":[{"count":54,"href":"https:\/\/progingles.facmed.unam.mx\/index.php\/wp-json\/wp\/v2\/pages\/125\/revisions"}],"predecessor-version":[{"id":804,"href":"https:\/\/progingles.facmed.unam.mx\/index.php\/wp-json\/wp\/v2\/pages\/125\/revisions\/804"}],"wp:attachment":[{"href":"https:\/\/progingles.facmed.unam.mx\/index.php\/wp-json\/wp\/v2\/media?parent=125"}],"curies":[{"name":"wp","href":"https:\/\/api.w.org\/{rel}","templated":true}]}}